{"id":1739,"date":"2020-06-26T11:00:23","date_gmt":"2020-06-26T09:00:23","guid":{"rendered":"http:\/\/crayze.xyz\/?page_id=1739"},"modified":"2022-09-23T12:40:08","modified_gmt":"2022-09-23T10:40:08","slug":"kontakt","status":"publish","type":"page","link":"https:\/\/jantexpolska.com\/en\/kontakt\/","title":{"rendered":"Contact"},"content":{"rendered":"<div class=\"wpb-content-wrapper\"><div data-vc-full-width=\"true\" data-vc-full-width-temp=\"true\" data-vc-full-width-init=\"false\" class=\"vc_row wpb_row vc_row-fluid vc_custom_1593069618771 vc_row-has-fill vc_row-o-content-middle vc_row-flex la_fp_slide la_fp_child_section\"><div class=\"wpb_column vc_column_container vc_col-sm-12\"><div class=\"vc_column-inner\"><div class=\"wpb_wrapper\"><div class='la_parallax_row js-el' data-bg-align='' data-direction='up' data-opacity='50' data-velocity='-0.3' data-mobile-enabled='' data-bg-height='800' data-bg-width='1920' data-bg-image='\/\/jantexpolska.com\/wp-content\/uploads\/2020\/06\/5.jpg' data-bg-repeat='false' data-bg-repeat-type='' data-id='' data-la_component='ParallaxRow' style='display: none'><\/div><\/div><\/div><\/div><div class=\"wpb_column vc_column_container vc_col-sm-6\"><div class=\"vc_column-inner\"><div class=\"wpb_wrapper\"><div id=\"la_heading_69f0d6000fdff\" class=\"la-headings text-left\"><h2 class=\"js-el heading-tag la-unit-responsive\" style=\"color:#ffffff\" >Contact<\/h2><\/div>\n<\/div><\/div><\/div><div class=\"wpb_column vc_column_container vc_col-sm-6 vc_hidden-xs\"><div class=\"vc_column-inner vc_custom_1593068777206\"><div class=\"wpb_wrapper\"><div class=\"la-breadcrumbs text-color-white align-right\">\n    <\/div><\/div><\/div><\/div><\/div><div class=\"vc_row-full-width vc_clearfix\"><\/div><div data-vc-full-width=\"true\" data-vc-full-width-temp=\"true\" data-vc-full-width-init=\"false\" class=\"vc_row wpb_row vc_row-fluid vc_custom_1593162297867 vc_row-has-fill vc_row-o-full-height vc_row-o-columns-middle vc_row-o-content-middle vc_row-flex la_fp_slide la_fp_child_section\"><div class=\"wpb_column vc_column_container vc_col-sm-6\"><div class=\"vc_column-inner\"><div class=\"wpb_wrapper\"><div id=\"map_69f0d6000fff3\" data-instance=\"wwp_gmaps_map_69f0d6000fff3\" class=\"wwp-vc-gmaps-map wpb_content_element\" style=\"height: 600px; width: 100%; \"><div class=\"map_lock\"><\/div><\/div><div id=\"wwp-gmaps-locations-map_69f0d6000fff3\"><\/div><\/div><\/div><\/div><div class=\"wpb_column vc_column_container vc_col-sm-6\"><div class=\"vc_column-inner\"><div class=\"wpb_wrapper\">\n\t<div class=\"wpb_text_column wpb_content_element\" >\n\t\t<div class=\"wpb_wrapper\">\n\t\t\t<h4 class=\"uppercase\">LET'S STAY IN TOUCH<\/h4>\n<p>If you have a question or wish to initiate cooperation with us - please do not hesitate to write us.<\/p>\n<hr \/>\n<p><strong>Jantex Polska Sp. z o.o.<\/strong><br \/>\nZielniki 42<br \/>\n63-000 \u015aroda Wielkopolska<\/p>\n<p>KRS: 0000441119<br \/>\nNIP: 7861616172<br \/>\nREGON: 634636224<\/p>\n<p><strong>E:<\/strong>\u00a0biuro@jantexpolska.com<br \/>\n<strong>M:<\/strong> +48 515 515 519<\/p>\n<p><strong>Ferma Drobiu \/ Skup zb\u00f3\u017c<br \/>\n<\/strong>E: zboze@jantexpolska.com<br \/>\nM: +48 606 834 875<\/p>\n\n\t\t<\/div>\n\t<\/div>\n<\/div><\/div><\/div><\/div><div class=\"vc_row-full-width vc_clearfix\"><\/div><div data-vc-full-width=\"true\" data-vc-full-width-temp=\"true\" data-vc-full-width-init=\"false\" class=\"vc_row wpb_row vc_row-fluid color: #fff; vc_custom_1592913957418 vc_row-has-fill la_fp_slide la_fp_child_section\"><div class=\"wpb_column vc_column_container vc_col-sm-4\"><div class=\"vc_column-inner\"><div class=\"wpb_wrapper\"><\/div><\/div><\/div><div class=\"wpb_column vc_column_container vc_col-sm-4\"><div class=\"vc_column-inner\"><div class=\"wpb_wrapper\">\n\t<div  class=\"wpb_single_image wpb_content_element vc_align_center wpb_content_element\">\n\t\t\n\t\t<figure class=\"wpb_wrapper vc_figure\">\n\t\t\t<div class=\"vc_single_image-wrapper   vc_box_border_grey\"><img fetchpriority=\"high\" decoding=\"async\" width=\"800\" height=\"400\" src=\"https:\/\/jantexpolska.com\/wp-content\/uploads\/2020\/06\/logo-dark.png\" class=\"vc_single_image-img attachment-full\" alt=\"\" title=\"logo-dark\" \/><\/div>\n\t\t<\/figure>\n\t<\/div>\n<div id=\"la_heading_69f0d60028c9f\" class=\"la-headings text-center\"><h4 class=\"js-el heading-tag la-unit-responsive\" style=\"color:#ffffff\" >Jantex Polska Sp. z o.o.<\/h4><div class=\"js-el subheading-tag la-unit-responsive\" style=\"color:#ffffff\" ><p>Zielniki 42, 63-000 \u015aroda Wielkopolska<\/p>\n<\/div><\/div>\n<div class=\"vc_row wpb_row vc_inner vc_row-fluid\"><div class=\"wpb_column vc_column_container vc_col-sm-6\"><div class=\"vc_column-inner\"><div class=\"wpb_wrapper\"><div class=\"vc_icon_element vc_icon_element-outer vc_do_icon vc_icon_element-align-right\"><div class=\"vc_icon_element-inner vc_icon_element-color-custom vc_icon_element-size-lg vc_icon_element-style- vc_icon_element-background-color-grey\" ><span class=\"vc_icon_element-icon fab fa-facebook-f\" style=\"color:#ffffff !important\"><\/span><a class=\"vc_icon_element-link\" href=\"https:\/\/www.facebook.com\/jantexpolska\"  title=\"\" target=\"_self\"><\/a><\/div><\/div><\/div><\/div><\/div><div class=\"wpb_column vc_column_container vc_col-sm-6\"><div class=\"vc_column-inner\"><div class=\"wpb_wrapper\"><div class=\"vc_icon_element vc_icon_element-outer vc_do_icon vc_icon_element-align-left\"><div class=\"vc_icon_element-inner vc_icon_element-color-custom vc_icon_element-size-lg vc_icon_element-style- vc_icon_element-background-color-grey\" ><span class=\"vc_icon_element-icon fab fa-instagram\" style=\"color:#ffffff !important\"><\/span><a class=\"vc_icon_element-link\" href=\"https:\/\/www.instagram.com\/jantexpolska\"  title=\"\" target=\"_self\"><\/a><\/div><\/div><\/div><\/div><\/div><\/div><\/div><\/div><\/div><div class=\"wpb_column vc_column_container vc_col-sm-4\"><div class=\"vc_column-inner\"><div class=\"wpb_wrapper\"><\/div><\/div><\/div><\/div><div class=\"vc_row-full-width vc_clearfix\"><\/div><div data-vc-full-width=\"true\" data-vc-full-width-temp=\"true\" data-vc-full-width-init=\"false\" class=\"vc_row wpb_row vc_row-fluid vc_custom_1592897490364 vc_row-has-fill la_fp_slide la_fp_child_section\"><div class=\"wpb_column vc_column_container vc_col-sm-4\"><div class=\"vc_column-inner\"><div class=\"wpb_wrapper\">\n\t<div class=\"wpb_text_column wpb_content_element\" >\n\t\t<div class=\"wpb_wrapper\">\n\t\t\t<p style=\"text-align: center;\"><span style=\"color: #bcad95;\">\u00a9 All Rights Reserved<\/span><\/p>\n\n\t\t<\/div>\n\t<\/div>\n<\/div><\/div><\/div><div class=\"wpb_column vc_column_container vc_col-sm-4\"><div class=\"vc_column-inner\"><div class=\"wpb_wrapper\">\n\t<div class=\"wpb_text_column wpb_content_element\" >\n\t\t<div class=\"wpb_wrapper\">\n\t\t\t<p style=\"text-align: center;\"><span style=\"color: #bcad95;\"><a style=\"color: #bcad95;\" href=\"https:\/\/jantexpolska.com\/en\/rodo\/\">Privacy Policy<\/a>\u00a0|\u00a0<a style=\"color: #bcad95;\" href=\"https:\/\/jantexpolska.com\/en\/rekrutacja\/\">Recruitment<\/a><\/span><\/p>\n\n\t\t<\/div>\n\t<\/div>\n<\/div><\/div><\/div><div class=\"wpb_column vc_column_container vc_col-sm-4\"><div class=\"vc_column-inner\"><div class=\"wpb_wrapper\">\n\t<div class=\"wpb_text_column wpb_content_element\" >\n\t\t<div class=\"wpb_wrapper\">\n\t\t\t<p style=\"text-align: center;\"><span style=\"color: #bcad95;\">it@jantexpolska.com<\/span><\/p>\n\n\t\t<\/div>\n\t<\/div>\n<\/div><\/div><\/div><\/div><div class=\"vc_row-full-width vc_clearfix\"><\/div>\n<\/div>","protected":false},"excerpt":{"rendered":"Kontakt B\u0104D\u0179MY W KONTAKCIE Je\u015bli masz pytanie lub je\u015bli chcesz rozpocz\u0105\u0107 z nami wsp\u00f3\u0142prac\u0119 \u2013 pisz \u015bmia\u0142o. Jantex Polska Sp. z o.o. Zielniki 42 63-000 \u015aroda Wielkopolska KRS: 0000441119 NIP: 7861616172 REGON: 634636224 E:\u00a0biuro@jantexpolska.com M: +48 515 515 519 Ferma Drobiu \/ Skup zb\u00f3\u017c E: zboze@jantexpolska.com M: +48 606 834 875 Jantex Polska Sp. z o.o.Zielniki 42, 63-000 \u015aroda Wielkopolska&hellip;","protected":false},"author":1,"featured_media":0,"parent":0,"menu_order":0,"comment_status":"closed","ping_status":"closed","template":"","meta":{"footnotes":""},"class_list":["post-1739","page","type-page","status-publish","hentry"],"_links":{"self":[{"href":"https:\/\/jantexpolska.com\/en\/wp-json\/wp\/v2\/pages\/1739","targetHints":{"allow":["GET"]}}],"collection":[{"href":"https:\/\/jantexpolska.com\/en\/wp-json\/wp\/v2\/pages"}],"about":[{"href":"https:\/\/jantexpolska.com\/en\/wp-json\/wp\/v2\/types\/page"}],"author":[{"embeddable":true,"href":"https:\/\/jantexpolska.com\/en\/wp-json\/wp\/v2\/users\/1"}],"replies":[{"embeddable":true,"href":"https:\/\/jantexpolska.com\/en\/wp-json\/wp\/v2\/comments?post=1739"}],"version-history":[{"count":10,"href":"https:\/\/jantexpolska.com\/en\/wp-json\/wp\/v2\/pages\/1739\/revisions"}],"predecessor-version":[{"id":1911,"href":"https:\/\/jantexpolska.com\/en\/wp-json\/wp\/v2\/pages\/1739\/revisions\/1911"}],"wp:attachment":[{"href":"https:\/\/jantexpolska.com\/en\/wp-json\/wp\/v2\/media?parent=1739"}],"curies":[{"name":"wp","href":"https:\/\/api.w.org\/{rel}","templated":true}]}}