{"id":1487,"date":"2020-06-23T13:31:16","date_gmt":"2020-06-23T11:31:16","guid":{"rendered":"http:\/\/crayze.xyz\/?page_id=1487"},"modified":"2022-09-23T12:38:56","modified_gmt":"2022-09-23T10:38:56","slug":"produkty","status":"publish","type":"page","link":"https:\/\/jantexpolska.com\/en\/produkty\/","title":{"rendered":"Our products"},"content":{"rendered":"<div class=\"wpb-content-wrapper\"><div data-vc-full-width=\"true\" data-vc-full-width-temp=\"true\" data-vc-full-width-init=\"false\" class=\"vc_row wpb_row vc_row-fluid vc_custom_1593069618771 vc_row-has-fill vc_row-o-content-middle vc_row-flex la_fp_slide la_fp_child_section\"><div class=\"wpb_column vc_column_container vc_col-sm-12\"><div class=\"vc_column-inner\"><div class=\"wpb_wrapper\"><div class='la_parallax_row js-el' data-bg-align='' data-direction='up' data-opacity='50' data-velocity='-0.3' data-mobile-enabled='' data-bg-height='800' data-bg-width='1920' data-bg-image='\/\/jantexpolska.com\/wp-content\/uploads\/2020\/06\/13.jpg' data-bg-repeat='false' data-bg-repeat-type='' data-id='' data-la_component='ParallaxRow' style='display: none'><\/div><\/div><\/div><\/div><div class=\"wpb_column vc_column_container vc_col-sm-6\"><div class=\"vc_column-inner\"><div class=\"wpb_wrapper\"><div id=\"la_heading_69e12beaea64e\" class=\"la-headings text-left\"><h2 class=\"js-el heading-tag la-unit-responsive\" style=\"color:#ffffff\" >Our products<\/h2><\/div>\n<\/div><\/div><\/div><div class=\"wpb_column vc_column_container vc_col-sm-6 vc_hidden-xs\"><div class=\"vc_column-inner vc_custom_1593068777206\"><div class=\"wpb_wrapper\"><div class=\"la-breadcrumbs text-color-white align-right\">\n    <\/div><\/div><\/div><\/div><\/div><div class=\"vc_row-full-width vc_clearfix\"><\/div><div data-vc-full-width=\"true\" data-vc-full-width-temp=\"true\" data-vc-full-width-init=\"false\" class=\"vc_row wpb_row vc_row-fluid vc_row-o-full-height vc_row-o-columns-top vc_row-o-content-top vc_row-flex la_fp_slide la_fp_child_section\"><div class=\"wpb_column vc_column_container vc_col-sm-4\"><div class=\"vc_column-inner\"><div class=\"wpb_wrapper\">\n\t<div class=\"wpb_text_column wpb_content_element\" >\n\t\t<div class=\"wpb_wrapper\">\n\t\t\t<div class=\"text-justify\">\n<h4><strong>FRESH EGGS<\/strong><\/h4>\n<p>We offer eggs of all types and weight classes: cage, barn, free range, and organic.<\/p>\n<p>Our range of products also includes fresh eggs with a high OMEGA-3 fatty acids content, multigrain eggs and quail eggs. The above products are gaining increasing popularity due to their health-promoting properties.<\/p>\n<p>We don't stop for a moment! In the near future, we intend to present you with completely new products that will certainly be able to maintain the high position of our company on the market.<\/p>\n<\/div>\n\n\t\t<\/div>\n\t<\/div>\n<\/div><\/div><\/div><div class=\"wpb_column vc_column_container vc_col-sm-4\"><div class=\"vc_column-inner\"><div class=\"wpb_wrapper\">\n\t<div class=\"wpb_text_column wpb_content_element\" >\n\t\t<div class=\"wpb_wrapper\">\n\t\t\t<div class=\"text-justify\">\n<h4><strong>WHOLESALE MARKET<\/strong><\/h4>\n<p>Our sorting plant also prepares eggs for shipment for wholesale customers, pursuant to their individual specifications.<\/p>\n<p><strong>Containers, boxes and other elements securing our products in transit can be adapted to the customer's requirements and the weight class of the egg.<\/strong><\/p>\n<\/div>\n\n\t\t<\/div>\n\t<\/div>\n<\/div><\/div><\/div><div class=\"wpb_column vc_column_container vc_col-sm-4\"><div class=\"vc_column-inner\"><div class=\"wpb_wrapper\">\n\t<div class=\"wpb_text_column wpb_content_element\" >\n\t\t<div class=\"wpb_wrapper\">\n\t\t\t<div class=\"text-justify\">\n<h4><strong>RETAIL MARKET<\/strong><\/h4>\n<p>We were cooperating with several retail chains for many years, delivering a finished product for sale in retail packaging. We ensure that the offered products meet the requirements of even the most demanding consumers. The graphic design of our products stands out from our competition from the same shelf, prompting consumers to select our products more often.<\/p>\n<p>We deliver according to agreements made during joint meetings with contractors. We are able to deliver a fully finished product to your warehouses even within 48 hours of ordering.<\/p>\n<\/div>\n\n\t\t<\/div>\n\t<\/div>\n<\/div><\/div><\/div><\/div><div class=\"vc_row-full-width vc_clearfix\"><\/div><div class=\"vc_row wpb_row vc_row-fluid la_fp_slide la_fp_child_section\"><div class=\"wpb_column vc_column_container vc_col-sm-12\"><div class=\"vc_column-inner\"><div class=\"wpb_wrapper\"><div id=\"la_heading_69e12beaeaada\" class=\"la-headings text-center vc_custom_1593066838459\"><h2 class=\"js-el heading-tag la-unit-responsive\" style=\"\" >Product categories<\/h2><\/div>\n<\/div><\/div><\/div><div class=\"wpb_column vc_column_container vc_col-sm-3\"><div class=\"vc_column-inner\"><div class=\"wpb_wrapper\">\n\t<div class=\"wpb_text_column wpb_content_element\" >\n\t\t<div class=\"wpb_wrapper\">\n\t\t\t<h3>OMEGA-3 eggs<\/h3>\n<p><strong>Why Omega-3 unsaturated fatty acids?<\/strong> Unsaturated omega-3 and omega-6 fatty acids affect our health. Our contemporary is, unfortunately, far too short of omega-3 acids and too rich in omega-6 ones. The imbalance of these two unsaturated acids can trigger health issues.<\/p>\n\n\t\t<\/div>\n\t<\/div>\n<\/div><\/div><\/div><div class=\"wpb_column vc_column_container vc_col-sm-3\"><div class=\"vc_column-inner\"><div class=\"wpb_wrapper\">\n\t<div class=\"wpb_text_column wpb_content_element\" >\n\t\t<div class=\"wpb_wrapper\">\n\t\t\t<h3>Cage eggs<\/h3>\n<p>Cage eggs constitute the vast majority of the assortment ordered by our customers. Presented below are selected examples of packaging for these eggs in beautiful graphic design, which will surely catch the eye of consumers.<\/p>\n\n\t\t<\/div>\n\t<\/div>\n<\/div><\/div><\/div><div class=\"wpb_column vc_column_container vc_col-sm-3\"><div class=\"vc_column-inner\"><div class=\"wpb_wrapper\">\n\t<div class=\"wpb_text_column wpb_content_element\" >\n\t\t<div class=\"wpb_wrapper\">\n\t\t\t<h3>Barn eggs<\/h3>\n<p>The sale of eggs from alternative farms, including barn eggs, has been gradually growing in Poland in the recent years. We are currently working with suppliers, supplying us only with high-quality barn eggs. Below we present some of the eggs in our offer: class A fresh eggs , barn eggs. Barn eggs in sizes M and L marked with the number 2PL are frequently found on store shelves.<\/p>\n\n\t\t<\/div>\n\t<\/div>\n<\/div><\/div><\/div><div class=\"wpb_column vc_column_container vc_col-sm-3\"><div class=\"vc_column-inner\"><div class=\"wpb_wrapper\">\n\t<div class=\"wpb_text_column wpb_content_element\" >\n\t\t<div class=\"wpb_wrapper\">\n\t\t\t<h3>Free-range eggs<\/h3>\n<p>Free-range eggs are becoming increasingly popular. Over the years, we have acquired many trusted and reliable suppliers, who always offer us the best quality fresh eggs. Our offer includes: fresh eggs, class A, free range eggs in weight classes M or L. Free range eggs are marked with 1PL.<\/p>\n\n\t\t<\/div>\n\t<\/div>\n<\/div><\/div><\/div><\/div><div data-vc-full-width=\"true\" data-vc-full-width-temp=\"true\" data-vc-full-width-init=\"false\" class=\"vc_row wpb_row vc_row-fluid vc_custom_1593071681306 vc_row-o-full-height vc_row-o-columns-top vc_row-o-content-top vc_row-flex la_fp_slide la_fp_child_section\"><div class=\"wpb_column vc_column_container vc_col-sm-12\"><div class=\"vc_column-inner\"><div class=\"wpb_wrapper\"><div id=\"la_carousel_196745930769e12beaeaea8\" class=\"la-carousel-wrapper la_carousel_horizontal\" data-gutter=\"15\">\n    <div data-la_component=\"AutoCarousel\" class=\"js-el la-slick-slider\" data-slider_config=\"{&quot;slidesToShow&quot;:3,&quot;slidesToScroll&quot;:3,&quot;dots&quot;:false,&quot;autoplay&quot;:true,&quot;autoplaySpeed&quot;:5000,&quot;speed&quot;:300,&quot;infinite&quot;:false,&quot;arrows&quot;:false,&quot;swipe&quot;:true,&quot;draggable&quot;:true,&quot;touchMove&quot;:true,&quot;pauseOnHover&quot;:false,&quot;responsive&quot;:[{&quot;breakpoint&quot;:1824,&quot;settings&quot;:{&quot;slidesToShow&quot;:3,&quot;slidesToScroll&quot;:3}},{&quot;breakpoint&quot;:1200,&quot;settings&quot;:{&quot;slidesToShow&quot;:3,&quot;slidesToScroll&quot;:3}},{&quot;breakpoint&quot;:992,&quot;settings&quot;:{&quot;slidesToShow&quot;:3,&quot;slidesToScroll&quot;:3}},{&quot;breakpoint&quot;:768,&quot;settings&quot;:{&quot;slidesToShow&quot;:3,&quot;slidesToScroll&quot;:3}},{&quot;breakpoint&quot;:576,&quot;settings&quot;:{&quot;slidesToShow&quot;:2,&quot;slidesToScroll&quot;:2}}],&quot;pauseOnDotsHover&quot;:true}\">\n        <div class=\"la-item-wrap\"><div class=\"vc-hoverbox-wrapper  vc-hoverbox-shape--rounded vc-hoverbox-align--center vc-hoverbox-direction--default vc-hoverbox-width--100\"  ontouchstart=\"\">\n  <div class=\"vc-hoverbox\">\n    <div class=\"vc-hoverbox-inner\">\n      <div class=\"vc-hoverbox-block vc-hoverbox-front\" style=\"background-image: url(https:\/\/jantexpolska.com\/wp-content\/uploads\/2020\/06\/3-1.jpg);\">\n        <div class=\"vc-hoverbox-block-inner vc-hoverbox-front-inner\">\n            \n        <\/div>\n      <\/div>\n      <div class=\"vc-hoverbox-block vc-hoverbox-back\" style=\"background-color: #867351;\">\n        <div class=\"vc-hoverbox-block-inner vc-hoverbox-back-inner\">\n            <h2 style=\"font-size: 24px;color: #ffffff;text-align: center\" class=\"vc_custom_heading vc_do_custom_heading\">Omega-3<\/h2>\n            <div class=\"pricing__desc js-el\"><span style=\"color: #ffffff;\">Eggs enriched with unsaturated Omega-3 fatty acids.<\/span><\/div>\n<div><\/div>\n<div class=\"pricing__feature-list js-el\"><span style=\"color: #ffffff;\"><strong>Weight classes\u00a0<\/strong>M, L, UNI<\/span><br \/>\n<span style=\"color: #ffffff;\"><strong>Egg color\u00a0<\/strong>Brown<\/span><br \/>\n<span style=\"color: #ffffff;\"><strong>Standard packaging\u00a0<\/strong>6, 10<\/span><\/div>\n\n            \n        <\/div>\n      <\/div>\n    <\/div>\n  <\/div>\n<\/div><\/div><div class=\"la-item-wrap\"><div class=\"vc-hoverbox-wrapper  vc-hoverbox-shape--rounded vc-hoverbox-align--center vc-hoverbox-direction--default vc-hoverbox-width--100\"  ontouchstart=\"\">\n  <div class=\"vc-hoverbox\">\n    <div class=\"vc-hoverbox-inner\">\n      <div class=\"vc-hoverbox-block vc-hoverbox-front\" style=\"background-image: url(https:\/\/jantexpolska.com\/wp-content\/uploads\/2020\/06\/5-1.jpg);\">\n        <div class=\"vc-hoverbox-block-inner vc-hoverbox-front-inner\">\n            \n        <\/div>\n      <\/div>\n      <div class=\"vc-hoverbox-block vc-hoverbox-back\" style=\"background-color: #867351;\">\n        <div class=\"vc-hoverbox-block-inner vc-hoverbox-back-inner\">\n            <h2 style=\"font-size: 24px;color: #ffffff;text-align: center\" class=\"vc_custom_heading vc_do_custom_heading\">Organic eggs<\/h2>\n            <div class=\"pricing__desc js-el\"><span style=\"color: #ffffff;\">Organic<\/span><\/div>\n<div><\/div>\n<div class=\"pricing__feature-list js-el\"><span style=\"color: #ffffff;\"><strong>Weight classes\u00a0<\/strong>M, L, UNI<\/span><br \/>\n<span style=\"color: #ffffff;\"><strong>Egg color\u00a0<\/strong>Brown<\/span><br \/>\n<span style=\"color: #ffffff;\"><strong>Standard packaging\u00a0<\/strong>6, 10<\/span><\/div>\n\n            \n        <\/div>\n      <\/div>\n    <\/div>\n  <\/div>\n<\/div><\/div><div class=\"la-item-wrap\"><div class=\"vc-hoverbox-wrapper  vc-hoverbox-shape--rounded vc-hoverbox-align--center vc-hoverbox-direction--default vc-hoverbox-width--100\"  ontouchstart=\"\">\n  <div class=\"vc-hoverbox\">\n    <div class=\"vc-hoverbox-inner\">\n      <div class=\"vc-hoverbox-block vc-hoverbox-front\" style=\"background-image: url(https:\/\/jantexpolska.com\/wp-content\/uploads\/2020\/06\/4-1.jpg);\">\n        <div class=\"vc-hoverbox-block-inner vc-hoverbox-front-inner\">\n            \n        <\/div>\n      <\/div>\n      <div class=\"vc-hoverbox-block vc-hoverbox-back\" style=\"background-color: #867351;\">\n        <div class=\"vc-hoverbox-block-inner vc-hoverbox-back-inner\">\n            <h2 style=\"font-size: 24px;color: #ffffff;text-align: center\" class=\"vc_custom_heading vc_do_custom_heading\">Multi-grain<\/h2>\n            <div class=\"pricing__desc js-el\"><span style=\"color: #ffffff;\">Eggs from hens fed with multi-forage feed.<\/span><\/div>\n<div><\/div>\n<div class=\"pricing__feature-list js-el\"><span style=\"color: #ffffff;\"><strong>Weight classes\u00a0<\/strong>M, L, UNI<\/span><br \/>\n<span style=\"color: #ffffff;\"><strong>Egg color\u00a0<\/strong>Brown<\/span><br \/>\n<span style=\"color: #ffffff;\"><strong>Standard packaging\u00a0<\/strong>6, 10<\/span><\/div>\n\n            \n        <\/div>\n      <\/div>\n    <\/div>\n  <\/div>\n<\/div><\/div>    <\/div>\n<\/div><style data-la_component=\"InsertCustomCSS\">\n    #la_carousel_196745930769e12beaeaea8{\n        margin-left: -15px;\n        margin-right: -15px;\n    }\n    #la_carousel_196745930769e12beaeaea8 .la-item-wrap.slick-slide{\n        padding-left: 15px;\n        padding-right: 15px;\n    }\n<\/style>\n<div class=\"vc_row wpb_row vc_inner vc_row-fluid vc_custom_1593071709798\"><div class=\"wpb_column vc_column_container vc_col-sm-2\"><div class=\"vc_column-inner\"><div class=\"wpb_wrapper\"><div id=\"la_pricing_69e12beaeb99c\" class=\"pricing wpb_content_element style-3\">\n    <div class=\"pricing__item\">\n        <div class=\"pricing__title js-el\" style=\"\">Cage<\/div><div class=\"pricing__desc js-el\" style=\"\">Cage eggs. Marked with an egg number starting with 3PL.<\/div><div class=\"pricing__feature-list js-el\" style=\"\"><ul><li class=\"pricing__feature\"><span><strong>Weight classes <\/strong>S, M, L, XL<\/span><\/li><li class=\"pricing__feature\"><span><strong>Egg color <\/strong>Brown, White<\/span><\/li><li class=\"pricing__feature\"><span><strong>Standard packaging <\/strong>6, 10, 15, 20, 30<\/span><\/li><\/ul><\/div>    <\/div>\n<\/div><\/div><\/div><\/div><div class=\"wpb_column vc_column_container vc_col-sm-2\"><div class=\"vc_column-inner\"><div class=\"wpb_wrapper\"><div id=\"la_pricing_69e12beaeba42\" class=\"pricing wpb_content_element style-3\">\n    <div class=\"pricing__item\">\n        <div class=\"pricing__title js-el\" style=\"\">Barn<\/div><div class=\"pricing__desc js-el\" style=\"\">Barn eggs. Marked with an egg number starting with 2PL.<\/div><div class=\"pricing__feature-list js-el\" style=\"\"><ul><li class=\"pricing__feature\"><span><strong>Weight classes <\/strong>M, L<\/span><\/li><li class=\"pricing__feature\"><span><strong>Egg color <\/strong>Brown<\/span><\/li><li class=\"pricing__feature\"><span><strong>Standard packaging <\/strong>6, 10, 20, 30<\/span><\/li><\/ul><\/div>    <\/div>\n<\/div><\/div><\/div><\/div><div class=\"wpb_column vc_column_container vc_col-sm-2\"><div class=\"vc_column-inner\"><div class=\"wpb_wrapper\"><div id=\"la_pricing_69e12beaebac3\" class=\"pricing wpb_content_element style-3\">\n    <div class=\"pricing__item\">\n        <div class=\"pricing__title js-el\" style=\"\">Free range<\/div><div class=\"pricing__desc js-el\" style=\"\">Free range eggs. Marked with an egg number starting with 1PL.<\/div><div class=\"pricing__feature-list js-el\" style=\"\"><ul><li class=\"pricing__feature\"><span><strong>Weight classes <\/strong>M, L<\/span><\/li><li class=\"pricing__feature\"><span><strong>Egg color <\/strong>Brown<\/span><\/li><li class=\"pricing__feature\"><span><strong>Standard packaging <\/strong>6, 10, 20, 30<\/span><\/li><\/ul><\/div>    <\/div>\n<\/div><\/div><\/div><\/div><div class=\"wpb_column vc_column_container vc_col-sm-2\"><div class=\"vc_column-inner\"><div class=\"wpb_wrapper\"><div id=\"la_pricing_69e12beaebb38\" class=\"pricing wpb_content_element style-3\">\n    <div class=\"pricing__item\">\n        <div class=\"pricing__title js-el\" style=\"\">Organic<\/div><div class=\"pricing__desc js-el\" style=\"\">Organic eggs. Marked with an egg number starting with 0PL.<\/div><div class=\"pricing__feature-list js-el\" style=\"\"><ul><li class=\"pricing__feature\"><span><strong>Weight classes <\/strong>UNI<\/span><\/li><li class=\"pricing__feature\"><span><strong>Egg color <\/strong>Brown<\/span><\/li><li class=\"pricing__feature\"><span><strong>Standard packaging <\/strong>6, 10<\/span><\/li><\/ul><\/div>    <\/div>\n<\/div><\/div><\/div><\/div><div class=\"wpb_column vc_column_container vc_col-sm-2\"><div class=\"vc_column-inner\"><div class=\"wpb_wrapper\"><div id=\"la_pricing_69e12beaebbb6\" class=\"pricing wpb_content_element style-3\">\n    <div class=\"pricing__item\">\n        <div class=\"pricing__title js-el\" style=\"\">Omega 3<\/div><div class=\"pricing__desc js-el\" style=\"\">Eggs enriched with unsaturated Omega-3 fatty acids.<\/div><div class=\"pricing__feature-list js-el\" style=\"\"><ul><li class=\"pricing__feature\"><span><strong>Weight classes <\/strong>M, L, UNI<\/span><\/li><li class=\"pricing__feature\"><span><strong>Egg color <\/strong>Brown<\/span><\/li><li class=\"pricing__feature\"><span><strong>Standard packaging <\/strong>6, 10<\/span><\/li><\/ul><\/div>    <\/div>\n<\/div><\/div><\/div><\/div><div class=\"wpb_column vc_column_container vc_col-sm-2\"><div class=\"vc_column-inner\"><div class=\"wpb_wrapper\"><div id=\"la_pricing_69e12beaebc1f\" class=\"pricing wpb_content_element style-3\">\n    <div class=\"pricing__item\">\n        <div class=\"pricing__title js-el\" style=\"\">Multi-grain<\/div><div class=\"pricing__desc js-el\" style=\"\">Eggs from hens fed with feed consisting of many cereals.<\/div><div class=\"pricing__feature-list js-el\" style=\"\"><ul><li class=\"pricing__feature\"><span><strong>Weight classes <\/strong>M, L, UNI<\/span><\/li><li class=\"pricing__feature\"><span><strong>Egg color <\/strong>Brown<\/span><\/li><li class=\"pricing__feature\"><span><strong>Standard packaging <\/strong>6, 10<\/span><\/li><\/ul><\/div>    <\/div>\n<\/div><\/div><\/div><\/div><\/div><\/div><\/div><\/div><\/div><div class=\"vc_row-full-width vc_clearfix\"><\/div><div data-vc-full-width=\"true\" data-vc-full-width-temp=\"true\" data-vc-full-width-init=\"false\" class=\"vc_row wpb_row vc_row-fluid color: #fff; vc_custom_1593071691616 vc_row-has-fill la_fp_slide la_fp_child_section\"><div class=\"wpb_column vc_column_container vc_col-sm-4\"><div class=\"vc_column-inner\"><div class=\"wpb_wrapper\"><\/div><\/div><\/div><div class=\"wpb_column vc_column_container vc_col-sm-4\"><div class=\"vc_column-inner\"><div class=\"wpb_wrapper\">\n\t<div  class=\"wpb_single_image wpb_content_element vc_align_center wpb_content_element\">\n\t\t\n\t\t<figure class=\"wpb_wrapper vc_figure\">\n\t\t\t<div class=\"vc_single_image-wrapper   vc_box_border_grey\"><img fetchpriority=\"high\" decoding=\"async\" width=\"800\" height=\"400\" src=\"https:\/\/jantexpolska.com\/wp-content\/uploads\/2020\/06\/logo-dark.png\" class=\"vc_single_image-img attachment-full\" alt=\"\" title=\"logo-dark\" \/><\/div>\n\t\t<\/figure>\n\t<\/div>\n<div id=\"la_heading_69e12beaec04d\" class=\"la-headings text-center\"><h4 class=\"js-el heading-tag la-unit-responsive\" style=\"color:#ffffff\" >Jantex Polska Sp. z o.o.<\/h4><div class=\"js-el subheading-tag la-unit-responsive\" style=\"color:#ffffff\" ><p>Zielniki 42, 63-000 \u015aroda Wielkopolska<\/p>\n<\/div><\/div>\n<div class=\"vc_row wpb_row vc_inner vc_row-fluid\"><div class=\"wpb_column vc_column_container vc_col-sm-6\"><div class=\"vc_column-inner\"><div class=\"wpb_wrapper\"><div class=\"vc_icon_element vc_icon_element-outer vc_do_icon vc_icon_element-align-right\"><div class=\"vc_icon_element-inner vc_icon_element-color-custom vc_icon_element-size-lg vc_icon_element-style- vc_icon_element-background-color-grey\" ><span class=\"vc_icon_element-icon fab fa-facebook-f\" style=\"color:#ffffff !important\"><\/span><a class=\"vc_icon_element-link\" href=\"https:\/\/www.facebook.com\/jantexpolska\"  title=\"\" target=\"_self\"><\/a><\/div><\/div><\/div><\/div><\/div><div class=\"wpb_column vc_column_container vc_col-sm-6\"><div class=\"vc_column-inner\"><div class=\"wpb_wrapper\"><div class=\"vc_icon_element vc_icon_element-outer vc_do_icon vc_icon_element-align-left\"><div class=\"vc_icon_element-inner vc_icon_element-color-custom vc_icon_element-size-lg vc_icon_element-style- vc_icon_element-background-color-grey\" ><span class=\"vc_icon_element-icon fab fa-instagram\" style=\"color:#ffffff !important\"><\/span><a class=\"vc_icon_element-link\" href=\"https:\/\/www.instagram.com\/jantexpolska\"  title=\"\" target=\"_self\"><\/a><\/div><\/div><\/div><\/div><\/div><\/div><\/div><\/div><\/div><div class=\"wpb_column vc_column_container vc_col-sm-4\"><div class=\"vc_column-inner\"><div class=\"wpb_wrapper\"><\/div><\/div><\/div><\/div><div class=\"vc_row-full-width vc_clearfix\"><\/div><div data-vc-full-width=\"true\" data-vc-full-width-temp=\"true\" data-vc-full-width-init=\"false\" class=\"vc_row wpb_row vc_row-fluid vc_custom_1592897490364 vc_row-has-fill la_fp_slide la_fp_child_section\"><div class=\"wpb_column vc_column_container vc_col-sm-4\"><div class=\"vc_column-inner\"><div class=\"wpb_wrapper\">\n\t<div class=\"wpb_text_column wpb_content_element\" >\n\t\t<div class=\"wpb_wrapper\">\n\t\t\t<p style=\"text-align: center;\"><span style=\"color: #bcad95;\">\u00a9 All Rights Reserved<\/span><\/p>\n\n\t\t<\/div>\n\t<\/div>\n<\/div><\/div><\/div><div class=\"wpb_column vc_column_container vc_col-sm-4\"><div class=\"vc_column-inner\"><div class=\"wpb_wrapper\">\n\t<div class=\"wpb_text_column wpb_content_element\" >\n\t\t<div class=\"wpb_wrapper\">\n\t\t\t<p style=\"text-align: center;\"><span style=\"color: #bcad95;\"><a style=\"color: #bcad95;\" href=\"https:\/\/jantexpolska.com\/en\/rodo\/\">Privacy Policy<\/a>\u00a0|\u00a0<a style=\"color: #bcad95;\" href=\"https:\/\/jantexpolska.com\/en\/rekrutacja\/\">Recruitment<\/a><\/span><\/p>\n\n\t\t<\/div>\n\t<\/div>\n<\/div><\/div><\/div><div class=\"wpb_column vc_column_container vc_col-sm-4\"><div class=\"vc_column-inner\"><div class=\"wpb_wrapper\">\n\t<div class=\"wpb_text_column wpb_content_element\" >\n\t\t<div class=\"wpb_wrapper\">\n\t\t\t<p style=\"text-align: center;\"><span style=\"color: #bcad95;\">it@jantexpolska.com<\/span><\/p>\n\n\t\t<\/div>\n\t<\/div>\n<\/div><\/div><\/div><\/div><div class=\"vc_row-full-width vc_clearfix\"><\/div>\n<\/div>","protected":false},"excerpt":{"rendered":"Produkty \u015aWIE\u017bE JAJA Oferujemy jaja ka\u017cdego rodzaju i ka\u017cdej klasy wagowej: z chowu klatkowego, \u015bci\u00f3\u0142kowego, wolnego wybiegu, ekologiczne. W asortymencie naszych produkt\u00f3w znajduj\u0105 si\u0119 tak\u017ce jaja \u015bwie\u017ce z wysok\u0105 zawarto\u015bci\u0105 kwas\u00f3w t\u0142uszczowych OMEGA-3, jaja wielozbo\u017cowe oraz jaja przepi\u00f3rcze. Powy\u017csze produkty zdobywaj\u0105 coraz wi\u0119ksz\u0105 popularno\u015b\u0107 ze wzgl\u0119du na swoje w\u0142a\u015bciwo\u015bci prozdrowotne. Nie zatrzymujemy si\u0119 ani na chwil\u0119! W niedalekiej przysz\u0142o\u015bci zamierzamy&hellip;","protected":false},"author":1,"featured_media":0,"parent":0,"menu_order":0,"comment_status":"closed","ping_status":"closed","template":"","meta":{"footnotes":""},"class_list":["post-1487","page","type-page","status-publish","hentry"],"_links":{"self":[{"href":"https:\/\/jantexpolska.com\/en\/wp-json\/wp\/v2\/pages\/1487","targetHints":{"allow":["GET"]}}],"collection":[{"href":"https:\/\/jantexpolska.com\/en\/wp-json\/wp\/v2\/pages"}],"about":[{"href":"https:\/\/jantexpolska.com\/en\/wp-json\/wp\/v2\/types\/page"}],"author":[{"embeddable":true,"href":"https:\/\/jantexpolska.com\/en\/wp-json\/wp\/v2\/users\/1"}],"replies":[{"embeddable":true,"href":"https:\/\/jantexpolska.com\/en\/wp-json\/wp\/v2\/comments?post=1487"}],"version-history":[{"count":2,"href":"https:\/\/jantexpolska.com\/en\/wp-json\/wp\/v2\/pages\/1487\/revisions"}],"predecessor-version":[{"id":1909,"href":"https:\/\/jantexpolska.com\/en\/wp-json\/wp\/v2\/pages\/1487\/revisions\/1909"}],"wp:attachment":[{"href":"https:\/\/jantexpolska.com\/en\/wp-json\/wp\/v2\/media?parent=1487"}],"curies":[{"name":"wp","href":"https:\/\/api.w.org\/{rel}","templated":true}]}}